{"id":52,"date":"2024-12-25T06:54:02","date_gmt":"2024-12-25T06:54:02","guid":{"rendered":"http:\/\/www.internship4smes.com\/index.php\/colibri-wp\/"},"modified":"2025-02-03T10:57:55","modified_gmt":"2025-02-03T10:57:55","slug":"colibri-wp","status":"publish","type":"page","link":"https:\/\/www.internship4smes.com\/","title":{"rendered":"Front Page"},"content":{"rendered":"<div data-colibri-id=\"52-c1\" class=\"style-213 style-local-52-c1 position-relative\">\n  <!---->\n  <div data-colibri-component=\"section\" data-colibri-id=\"52-c2\" id=\"overlappable\" class=\"h-section h-section-global-spacing d-flex align-items-lg-center align-items-md-center align-items-center style-217 style-local-52-c2 position-relative\">\n    <!---->\n    <!---->\n    <div class=\"h-section-grid-container h-section-boxed-container\">\n      <!---->\n      <div data-colibri-id=\"52-c3\" class=\"h-row-container gutters-row-lg-0 gutters-row-md-0 gutters-row-2 gutters-row-v-lg-0 gutters-row-v-md-0 gutters-row-v-2 style-218 style-local-52-c3 position-relative\">\n        <!---->\n        <div class=\"h-row justify-content-lg-center justify-content-md-center justify-content-center align-items-lg-stretch align-items-md-stretch align-items-stretch gutters-col-lg-0 gutters-col-md-0 gutters-col-2 gutters-col-v-lg-0 gutters-col-v-md-0 gutters-col-v-2\">\n          <!---->\n          <div class=\"h-column h-column-container d-flex h-col-lg-4 h-col-md-4 h-col-12 style-219-outer style-local-52-c4-outer\">\n            <div data-colibri-id=\"52-c4\" class=\"d-flex h-flex-basis h-column__inner h-px-lg-3 h-px-md-3 h-px-2 v-inner-lg-3 v-inner-md-3 v-inner-2 style-219 style-local-52-c4 position-relative\">\n              <!---->\n              <!---->\n              <div class=\"w-100 h-y-container h-column__content h-column__v-align flex-basis-100 align-self-lg-start align-self-md-start align-self-start\">\n                <!---->\n                <div data-colibri-id=\"52-c5\" class=\"h-icon style-220 style-local-52-c5 position-relative h-element\">\n                  <!----><span class=\"h-svg-icon h-icon__icon style-220-icon style-local-52-c5-icon\"><!--Icon by Icons8 Line Awesome (https:\/\/icons8.com\/line-awesome)--><svg version=\"1.1\" xmlns=\"http:\/\/www.w3.org\/2000\/svg\" xmlns:xlink=\"http:\/\/www.w3.org\/1999\/xlink\" id=\"paper-plane\" viewBox=\"0 0 512 545.5\"><path d=\"M57.5 117.5L86 129l352 144 36.5 15-36.5 15L86 447l-28.5 11.5 7-30 31-140.5-31-140.5zm44.5 53L124.5 272h226zM124.5 304L102 405.5 350.5 304h-226z\"><\/path><\/svg><\/span><\/div>\n                <div\n                  data-colibri-id=\"52-c6\" class=\"h-global-transition-all h-heading style-221 style-local-52-c6 position-relative h-element\">\n                  <!---->\n                  <div class=\"h-heading__outer style-221 style-local-52-c6\">\n                    <!---->\n                    <!---->\n                    <h5 class=\"\">ERASMUS PLUS, KA210 Small scale partnersh\u0131p \u0131n adult educat\u0131on<\/h5>\n                  <\/div>\n              <\/div>\n              <div data-colibri-id=\"52-c7\" class=\"h-text h-text-component style-222 style-local-52-c7 position-relative h-element\">\n                <!---->\n                <!---->\n                <div class=\"\">\n                  <p>This project is supported by European Union Erasmus Plus Programme, specifically by the Swedish National Agency &#8221;Universitets- och h\u00f6gskoler\u00e5det (SE01)&#8221;.&nbsp;<\/p>\n                <\/div>\n              <\/div>\n            <\/div>\n          <\/div>\n        <\/div>\n        <div class=\"h-column h-column-container d-flex h-col-lg-4 h-col-md-4 h-col-12 style-219-outer style-local-52-c8-outer\">\n          <div data-colibri-id=\"52-c8\" class=\"d-flex h-flex-basis h-column__inner h-px-lg-3 h-px-md-3 h-px-2 v-inner-lg-3 v-inner-md-3 v-inner-2 style-219 style-local-52-c8 position-relative\">\n            <!---->\n            <!---->\n            <div class=\"w-100 h-y-container h-column__content h-column__v-align flex-basis-100 align-self-lg-start align-self-md-start align-self-start\">\n              <!---->\n              <div data-colibri-id=\"52-c9\" class=\"h-icon style-220 style-local-52-c9 position-relative h-element\">\n                <!----><span class=\"h-svg-icon h-icon__icon style-220-icon style-local-52-c9-icon\"><!--Icon by Icons8 Line Awesome (https:\/\/icons8.com\/line-awesome)--><svg version=\"1.1\" xmlns=\"http:\/\/www.w3.org\/2000\/svg\" xmlns:xlink=\"http:\/\/www.w3.org\/1999\/xlink\" id=\"cubes\" viewBox=\"0 0 512 545.5\"><path d=\"M256 96l6 2.5 96 38.5 10 4v107.5l86.5 37.5 9.5 4.5v129l-8 5-96 53.5-7.5 4-7.5-3.5-89-44.5-89 44.5-7.5 3.5-7.5-4-96-53.5-8-5v-129l9.5-4.5 86.5-37.5V141l10-4 96-38.5zm0 35l-52.5 20.5L256 172l52.5-20.5zm-80 44v74l64 28.5v-78zm160 0l-64 24.5v78l64-28.5v-74zM160 277l-58 25 58 29 58-28.5zm192 0l-40 17.5-18 8 58 28.5 58-29zM80 326.5V401l64 36v-78.5zm352 0l-64 32V437l64-36v-74.5zm-192 1l-64 31V438l64-32v-78.5zm32 0V406l64 32v-79.5z\"><\/path><\/svg><\/span><\/div>\n              <div\n                data-colibri-id=\"52-c10\" class=\"h-global-transition-all h-heading style-221 style-local-52-c10 position-relative h-element\">\n                <!---->\n                <div class=\"h-heading__outer style-221 style-local-52-c10\">\n                  <!---->\n                  <!---->\n                  <h5 class=\"\">we share d\u0131verse documents, tools, \u0131nfograph\u0131cs and more<\/h5>\n                <\/div>\n            <\/div>\n            <div data-colibri-id=\"52-c11\" class=\"h-text h-text-component style-222 style-local-52-c11 position-relative h-element\">\n              <!---->\n              <!---->\n              <div class=\"\">\n                <p>Please look at our menus above to find out more about quality internships in IT sectors where we provide diverse info, links, tools and more.<\/p>\n              <\/div>\n            <\/div>\n          <\/div>\n        <\/div>\n      <\/div>\n    <\/div>\n  <\/div>\n<\/div>\n<\/div>\n<div data-colibri-component=\"section\" data-colibri-id=\"52-c12\" id=\"custom\" class=\"h-section h-section-global-spacing d-flex align-items-lg-center align-items-md-center align-items-center style-224 style-local-52-c12 position-relative\">\n  <!---->\n  <!---->\n  <div class=\"h-section-grid-container h-section-boxed-container\">\n    <!---->\n    <div data-colibri-id=\"52-c13\" class=\"h-row-container gutters-row-lg-2 gutters-row-md-2 gutters-row-0 gutters-row-v-lg-2 gutters-row-v-md-2 gutters-row-v-2 style-225 style-local-52-c13 position-relative\">\n      <!---->\n      <div class=\"h-row justify-content-lg-center justify-content-md-center justify-content-center align-items-lg-stretch align-items-md-stretch align-items-stretch gutters-col-lg-2 gutters-col-md-2 gutters-col-0 gutters-col-v-lg-2 gutters-col-v-md-2 gutters-col-v-2\">\n        <!---->\n        <div class=\"h-column h-column-container d-flex h-col-lg-auto h-col-md-auto h-col-auto style-226-outer style-local-52-c14-outer\">\n          <div data-colibri-id=\"52-c14\" class=\"d-flex h-flex-basis h-column__inner h-px-lg-2 h-px-md-2 h-px-2 v-inner-lg-2 v-inner-md-2 v-inner-2 style-226 style-local-52-c14 position-relative\">\n            <!---->\n            <!---->\n            <div class=\"w-100 h-y-container h-column__content h-column__v-align flex-basis-100 align-self-lg-start align-self-md-start align-self-start\">\n              <!---->\n              <div data-colibri-id=\"52-c15\" class=\"h-text h-text-component style-227 style-local-52-c15 position-relative h-element\">\n                <!---->\n                <!---->\n                <div class=\"\">\n                  <p>Funded by the European Union. Views and opinions expressed are however those of the author(s) only and do not necessarily reflect those of the European Union or the European Education and Culture Executive Agency (EACEA). Neither the\n                    European Union nor EACEA can be held responsible for them.<\/p>\n                <\/div>\n              <\/div>\n            <\/div>\n          <\/div>\n        <\/div>\n        <div class=\"h-column h-column-container d-flex h-col-lg-auto h-col-md-auto h-col-auto style-228-outer style-local-52-c16-outer\">\n          <div data-colibri-id=\"52-c16\" class=\"d-flex h-flex-basis h-column__inner h-px-lg-2 h-px-md-2 h-px-2 v-inner-lg-2 v-inner-md-2 v-inner-2 style-228 style-local-52-c16 position-relative\">\n            <!---->\n            <!---->\n            <div class=\"w-100 h-y-container h-column__content h-column__v-align flex-basis-100 align-self-lg-start align-self-md-start align-self-start\">\n              <!---->\n              <div data-colibri-id=\"52-c17\" class=\"d-block style-229 style-local-52-c17 position-relative h-element\">\n                <!---->\n                <div class=\"h-image__frame-container-outer\">\n                  <div class=\"h-image__frame-container\">\n                    <!---->\n                    <!---->\n                    <img decoding=\"async\" loading=\"lazy\" width=\"2072\" height=\"525\" src=\"http:\/\/www.internship4smes.com\/wp-content\/uploads\/2024\/12\/cropped-Eurasmus-Co-funded-logo-HIGH-QUALITY-scaled-1.jpg\" class=\"wp-image-185 style-229-image style-local-52-c17-image\" srcset=\"https:\/\/www.internship4smes.com\/wp-content\/uploads\/2024\/12\/cropped-Eurasmus-Co-funded-logo-HIGH-QUALITY-scaled-1.jpg 2072w, https:\/\/www.internship4smes.com\/wp-content\/uploads\/2024\/12\/cropped-Eurasmus-Co-funded-logo-HIGH-QUALITY-scaled-1-300x76.jpg 300w, https:\/\/www.internship4smes.com\/wp-content\/uploads\/2024\/12\/cropped-Eurasmus-Co-funded-logo-HIGH-QUALITY-scaled-1-1024x259.jpg 1024w, https:\/\/www.internship4smes.com\/wp-content\/uploads\/2024\/12\/cropped-Eurasmus-Co-funded-logo-HIGH-QUALITY-scaled-1-768x195.jpg 768w, https:\/\/www.internship4smes.com\/wp-content\/uploads\/2024\/12\/cropped-Eurasmus-Co-funded-logo-HIGH-QUALITY-scaled-1-1536x389.jpg 1536w, https:\/\/www.internship4smes.com\/wp-content\/uploads\/2024\/12\/cropped-Eurasmus-Co-funded-logo-HIGH-QUALITY-scaled-1-2048x519.jpg 2048w\" sizes=\"(max-width: 2072px) 100vw, 2072px\" alt=\"\" \/>\n                    <div class=\"h-image__frame h-hide-lg h-hide-md h-hide-sm style-229-frameImage style-local-52-c17-frameImage\"><\/div>\n                  <\/div>\n                <\/div>\n              <\/div>\n            <\/div>\n          <\/div>\n        <\/div>\n        <div class=\"h-column h-column-container d-flex h-col-lg-auto h-col-md-auto h-col-auto style-238-outer style-local-52-c18-outer\">\n          <div data-colibri-id=\"52-c18\" class=\"d-flex h-flex-basis h-column__inner h-px-lg-2 h-px-md-2 h-px-2 v-inner-lg-2 v-inner-md-2 v-inner-2 style-238 style-local-52-c18 position-relative\">\n            <!---->\n            <!---->\n            <div class=\"w-100 h-y-container h-column__content h-column__v-align flex-basis-100 align-self-lg-start align-self-md-start align-self-start\">\n              <!---->\n              <div data-colibri-id=\"52-c19\" class=\"d-block style-239 style-local-52-c19 position-relative h-element\">\n                <!---->\n                <div class=\"h-image__frame-container-outer\">\n                  <div class=\"h-image__frame-container\">\n                    <!---->\n                    <!---->\n                    <img decoding=\"async\" loading=\"lazy\" width=\"580\" height=\"154\" src=\"http:\/\/www.internship4smes.com\/wp-content\/uploads\/2025\/02\/logo-swedish-NA.jpg\" class=\"wp-image-268 style-239-image style-local-52-c19-image\" srcset=\"https:\/\/www.internship4smes.com\/wp-content\/uploads\/2025\/02\/logo-swedish-NA.jpg 580w, https:\/\/www.internship4smes.com\/wp-content\/uploads\/2025\/02\/logo-swedish-NA-300x80.jpg 300w\" sizes=\"(max-width: 580px) 100vw, 580px\" alt=\"\" \/>\n                    <div class=\"h-image__frame h-hide-lg h-hide-md h-hide-sm style-239-frameImage style-local-52-c19-frameImage\"><\/div>\n                  <\/div>\n                <\/div>\n              <\/div>\n            <\/div>\n          <\/div>\n        <\/div>\n      <\/div>\n    <\/div>\n  <\/div>\n<\/div>\n<\/div>","protected":false},"excerpt":{"rendered":"<p>ERASMUS PLUS, KA210 Small scale partnersh\u0131p \u0131n adult educat\u0131on This project is supported by European Union Erasmus Plus Programme, specifically by the Swedish National Agency &#8221;Universitets- och h\u00f6gskoler\u00e5det (SE01)&#8221;.&nbsp; we share d\u0131verse documents, tools, \u0131nfograph\u0131cs and more Please look at our menus above to find out more about quality internships in IT sectors where we [&hellip;]<\/p>\n","protected":false},"author":1,"featured_media":0,"parent":0,"menu_order":0,"comment_status":"closed","ping_status":"closed","template":"page-templates\/homepage.php","meta":[],"_links":{"self":[{"href":"https:\/\/www.internship4smes.com\/index.php\/wp-json\/wp\/v2\/pages\/52"}],"collection":[{"href":"https:\/\/www.internship4smes.com\/index.php\/wp-json\/wp\/v2\/pages"}],"about":[{"href":"https:\/\/www.internship4smes.com\/index.php\/wp-json\/wp\/v2\/types\/page"}],"author":[{"embeddable":true,"href":"https:\/\/www.internship4smes.com\/index.php\/wp-json\/wp\/v2\/users\/1"}],"replies":[{"embeddable":true,"href":"https:\/\/www.internship4smes.com\/index.php\/wp-json\/wp\/v2\/comments?post=52"}],"version-history":[{"count":8,"href":"https:\/\/www.internship4smes.com\/index.php\/wp-json\/wp\/v2\/pages\/52\/revisions"}],"predecessor-version":[{"id":277,"href":"https:\/\/www.internship4smes.com\/index.php\/wp-json\/wp\/v2\/pages\/52\/revisions\/277"}],"wp:attachment":[{"href":"https:\/\/www.internship4smes.com\/index.php\/wp-json\/wp\/v2\/media?parent=52"}],"curies":[{"name":"wp","href":"https:\/\/api.w.org\/{rel}","templated":true}]}}